{"id":9088,"date":"2025-11-11T10:33:36","date_gmt":"2025-11-11T10:33:36","guid":{"rendered":"https:\/\/gorillabeans.es\/?post_type=product&#038;p=9088"},"modified":"2025-11-11T11:59:46","modified_gmt":"2025-11-11T11:59:46","slug":"gratis-prensa-francesa","status":"publish","type":"product","link":"https:\/\/gorillabeans.es\/es\/producto\/gratis-prensa-francesa\/","title":{"rendered":"Gratis Prensa Francesa"},"content":{"rendered":"<p data-start=\"683\" data-end=\"910\">\ud83c\udf81 <strong data-start=\"686\" data-end=\"710\">\u00a1Promoci\u00f3n Especial!<\/strong><br data-start=\"710\" data-end=\"713\" \/>Recibe un <strong data-start=\"723\" data-end=\"740\">regalo gratis<\/strong> con cada pedido de caf\u00e9 <strong data-start=\"765\" data-end=\"784\">superior a 1 kg<\/strong>.<br data-start=\"785\" data-end=\"788\" \/>Descubre el sabor \u00fanico de nuestros <strong data-start=\"824\" data-end=\"859\">caf\u00e9s de especialidad de Ruanda<\/strong> y disfruta de un detalle extra de nuestra parte.<\/p>\n<p data-start=\"912\" data-end=\"1047\">\u2615 100% Ar\u00e1bica \u2013 \u00a01 kilo de cafe lavado 87 sca puntos. y un prensa Francesa GRATIS.<img decoding=\"async\" class=\"alignnone size-full wp-image-9090\" title=\"gratis prensa francesa\" src=\"https:\/\/gorillabeans.es\/wp-content\/uploads\/2025\/11\/IMG_0726.heic\" alt=\"gratis prensa francesa\" \/> Tostado en Espa\u00f1a<br data-start=\"946\" data-end=\"949\" \/>\ud83d\udc9b Aut\u00e9ntico | Fresco | Justo | Delicioso<br data-start=\"990\" data-end=\"993\" \/>\ud83d\udc49 <strong data-start=\"996\" data-end=\"1045\">\u00a1Haz tu pedido ahora y ll\u00e9vate tu regalo! <\/strong><\/p>","protected":false},"excerpt":{"rendered":"<p data-start=\"683\" data-end=\"910\">\ud83c\udf81 <strong data-start=\"686\" data-end=\"710\">\u00a1Promoci\u00f3n Especial!<\/strong><br data-start=\"710\" data-end=\"713\" \/>Recibe un <strong data-start=\"723\" data-end=\"740\">regalo gratis<\/strong> con cada pedido de caf\u00e9 <strong data-start=\"765\" data-end=\"784\">superior a 1 kg<\/strong>.<br data-start=\"785\" data-end=\"788\" \/>Descubre el sabor \u00fanico de nuestros <strong data-start=\"824\" data-end=\"859\">caf\u00e9s de especialidad de Ruanda<\/strong> y disfruta de un detalle extra de nuestra parte.<\/p>\n<p data-start=\"912\" data-end=\"1047\">\u2615 100% Ar\u00e1bica \u2013 Tostado en Espa\u00f1a<br data-start=\"946\" data-end=\"949\" \/>\ud83d\udc9b Aut\u00e9ntico | Fresco | Justo | Delicioso<br data-start=\"990\" data-end=\"993\" \/>\ud83d\udc49 <strong data-start=\"996\" data-end=\"1045\">\u00a1Haz tu pedido ahora y ll\u00e9vate tu regalo! <\/strong><\/p>","protected":false},"featured_media":9089,"comment_status":"open","ping_status":"closed","template":"","meta":{"_uag_custom_page_level_css":"","site-sidebar-layout":"default","site-content-layout":"","ast-site-content-layout":"default","site-content-style":"default","site-sidebar-style":"default","ast-global-header-display":"","ast-banner-title-visibility":"","ast-main-header-display":"","ast-hfb-above-header-display":"","ast-hfb-below-header-display":"","ast-hfb-mobile-header-display":"","site-post-title":"","ast-breadcrumbs-content":"","ast-featured-img":"","footer-sml-layout":"","theme-transparent-header-meta":"default","adv-header-id-meta":"","stick-header-meta":"default","header-above-stick-meta":"","header-main-stick-meta":"","header-below-stick-meta":"","astra-migrate-meta-layouts":"set","ast-page-background-enabled":"default","ast-page-background-meta":{"desktop":{"background-color":"var(--ast-global-color-4)","background-image":"","background-repeat":"repeat","background-position":"center center","background-size":"auto","background-attachment":"scroll","background-type":"","background-media":"","overlay-type":"","overlay-color":"","overlay-opacity":"","overlay-gradient":""},"tablet":{"background-color":"","background-image":"","background-repeat":"repeat","background-position":"center center","background-size":"auto","background-attachment":"scroll","background-type":"","background-media":"","overlay-type":"","overlay-color":"","overlay-opacity":"","overlay-gradient":""},"mobile":{"background-color":"","background-image":"","background-repeat":"repeat","background-position":"center center","background-size":"auto","background-attachment":"scroll","background-type":"","background-media":"","overlay-type":"","overlay-color":"","overlay-opacity":"","overlay-gradient":""}},"ast-content-background-meta":{"desktop":{"background-color":"var(--ast-global-color-5)","background-image":"","background-repeat":"repeat","background-position":"center center","background-size":"auto","background-attachment":"scroll","background-type":"","background-media":"","overlay-type":"","overlay-color":"","overlay-opacity":"","overlay-gradient":""},"tablet":{"background-color":"var(--ast-global-color-5)","background-image":"","background-repeat":"repeat","background-position":"center center","background-size":"auto","background-attachment":"scroll","background-type":"","background-media":"","overlay-type":"","overlay-color":"","overlay-opacity":"","overlay-gradient":""},"mobile":{"background-color":"var(--ast-global-color-5)","background-image":"","background-repeat":"repeat","background-position":"center center","background-size":"auto","background-attachment":"scroll","background-type":"","background-media":"","overlay-type":"","overlay-color":"","overlay-opacity":"","overlay-gradient":""}}},"product_brand":[],"product_cat":[95,344],"product_tag":[],"class_list":{"0":"post-9088","1":"product","2":"type-product","3":"status-publish","4":"has-post-thumbnail","6":"product_cat-bundles","7":"product_cat-roasted-coffee","8":"desktop-align-left","9":"tablet-align-left","10":"mobile-align-left","11":"ast-product-gallery-layout-horizontal","12":"ast-product-gallery-with-no-image","13":"ast-product-tabs-layout-horizontal","15":"first","16":"instock","17":"sale","18":"taxable","19":"shipping-taxable","20":"purchasable","21":"product-type-simple"},"aioseo_notices":[],"spectra_custom_meta":{"_uabb_version":["1.36.13"],"surerank_seo_checks":["a:14:{s:14:\"h2_subheadings\";a:3:{s:6:\"status\";s:7:\"warning\";s:7:\"message\";s:42:\"The page does not contain any subheadings.\";s:4:\"type\";s:4:\"page\";}s:13:\"media_present\";a:3:{s:6:\"status\";s:7:\"success\";s:7:\"message\";s:55:\"This page includes images or videos to enhance content.\";s:4:\"type\";s:4:\"page\";}s:13:\"links_present\";a:3:{s:6:\"status\";s:7:\"warning\";s:7:\"message\";s:27:\"No links found on the page.\";s:4:\"type\";s:4:\"page\";}s:10:\"url_length\";a:3:{s:6:\"status\";s:7:\"success\";s:7:\"message\";s:35:\"Page URL is short and SEO-friendly.\";s:4:\"type\";s:4:\"page\";}s:19:\"search_engine_title\";a:3:{s:6:\"status\";s:7:\"success\";s:7:\"message\";s:55:\"Search engine title is present and under 60 characters.\";s:4:\"type\";s:4:\"page\";}s:25:\"search_engine_description\";a:3:{s:6:\"status\";s:7:\"success\";s:7:\"message\";s:62:\"Search engine description is present and under 160 characters.\";s:4:\"type\";s:4:\"page\";}s:13:\"canonical_url\";a:3:{s:6:\"status\";s:7:\"success\";s:7:\"message\";s:37:\"Canonical tag is present on the page.\";s:4:\"type\";s:4:\"page\";}s:15:\"open_graph_tags\";a:3:{s:6:\"status\";s:7:\"success\";s:7:\"message\";s:40:\"Open Graph tags are present on the page.\";s:4:\"type\";s:4:\"page\";}s:16:\"keyword_in_title\";a:3:{s:6:\"status\";s:10:\"suggestion\";s:7:\"message\";s:38:\"No focus keyword set to analyze title.\";s:4:\"type\";s:7:\"keyword\";}s:22:\"keyword_in_description\";a:3:{s:6:\"status\";s:10:\"suggestion\";s:7:\"message\";s:49:\"No focus keyword set to analyze meta description.\";s:4:\"type\";s:7:\"keyword\";}s:14:\"keyword_in_url\";a:3:{s:6:\"status\";s:10:\"suggestion\";s:7:\"message\";s:36:\"No focus keyword set to analyze URL.\";s:4:\"type\";s:7:\"keyword\";}s:18:\"keyword_in_content\";a:3:{s:6:\"status\";s:10:\"suggestion\";s:7:\"message\";s:40:\"No focus keyword set to analyze content.\";s:4:\"type\";s:7:\"keyword\";}s:12:\"broken_links\";a:2:{s:6:\"status\";s:7:\"success\";s:7:\"message\";s:34:\"No broken links found on the page.\";}s:14:\"image_alt_text\";a:5:{s:6:\"status\";s:10:\"suggestion\";s:11:\"description\";a:1:{i:0;s:48:\"Images on the post\/page have alt text attributes\";}s:7:\"message\";s:49:\"All images on this page have alt text attributes.\";s:11:\"show_images\";b:0;s:4:\"type\";s:4:\"page\";}}"],"surerank_seo_checks_last_updated":["1762862387"],"_edit_lock":["1762862259:1"],"_edit_last":["1"],"_thumbnail_id":["9089"],"_wp_page_template":["default"],"cartflows_redirect_flow_id":[""],"cartflows_add_to_cart_text":[""],"total_sales":["0"],"_tax_status":["taxable"],"_tax_class":["reduced"],"_manage_stock":["no"],"_backorders":["no"],"_sold_individually":["no"],"_virtual":["no"],"_downloadable":["no"],"_download_limit":["-1"],"_download_expiry":["-1"],"_stock":[null],"_stock_status":["instock"],"_wc_average_rating":["0"],"_wc_review_count":["0"],"_product_version":["10.3.4"],"_regular_price":["55.99"],"_price":["40.99"],"_aioseo_keywords":["a:0:{}"],"_aioseo_og_title":[""],"_aioseo_og_description":[""],"_aioseo_og_article_section":[""],"_aioseo_og_article_tags":["a:0:{}"],"_aioseo_twitter_title":[""],"_aioseo_twitter_description":[""],"site-sidebar-layout":["default"],"ast-site-content-layout":["default"],"site-content-style":["default"],"site-sidebar-style":["default"],"theme-transparent-header-meta":["default"],"stick-header-meta":["default"],"_sale_price":["40.99"],"_aioseo_title":[null],"_aioseo_description":[null],"astra-migrate-meta-layouts":["set"],"_uag_page_assets":["a:9:{s:3:\"css\";s:11683:\".uag-blocks-common-selector{z-index:var(--z-index-desktop) !important}@media (max-width: 976px){.uag-blocks-common-selector{z-index:var(--z-index-tablet) !important}}@media (max-width: 767px){.uag-blocks-common-selector{z-index:var(--z-index-mobile) !important}}\n.wp-block-uagb-image{display:flex}.wp-block-uagb-image__figure{position:relative;display:flex;flex-direction:column;max-width:100%;height:auto;margin:0}.wp-block-uagb-image__figure img{height:auto;display:flex;max-width:100%;transition:box-shadow 0.2s ease}.wp-block-uagb-image__figure>a{display:inline-block}.wp-block-uagb-image__figure figcaption{text-align:center;margin-top:0.5em;margin-bottom:1em}.wp-block-uagb-image .components-placeholder.block-editor-media-placeholder .components-placeholder__instructions{align-self:center}.wp-block-uagb-image--align-left{text-align:left}.wp-block-uagb-image--align-right{text-align:right}.wp-block-uagb-image--align-center{text-align:center}.wp-block-uagb-image--align-full .wp-block-uagb-image__figure{margin-left:calc(50% - 50vw);margin-right:calc(50% - 50vw);max-width:100vw;width:100vw;height:auto}.wp-block-uagb-image--align-full .wp-block-uagb-image__figure img{height:auto;width:100% !important}.wp-block-uagb-image--align-wide .wp-block-uagb-image__figure img{height:auto;width:100%}.wp-block-uagb-image--layout-overlay__color-wrapper{position:absolute;left:0;top:0;right:0;bottom:0;opacity:0.2;background:rgba(0,0,0,0.5);transition:opacity 0.35s ease-in-out}.wp-block-uagb-image--layout-overlay-link{position:absolute;left:0;right:0;bottom:0;top:0}.wp-block-uagb-image--layout-overlay .wp-block-uagb-image__figure:hover .wp-block-uagb-image--layout-overlay__color-wrapper{opacity:1}.wp-block-uagb-image--layout-overlay__inner{position:absolute;left:15px;right:15px;bottom:15px;top:15px;display:flex;align-items:center;justify-content:center;flex-direction:column;border-color:#fff;transition:0.35s ease-in-out}.wp-block-uagb-image--layout-overlay__inner.top-left,.wp-block-uagb-image--layout-overlay__inner.top-center,.wp-block-uagb-image--layout-overlay__inner.top-right{justify-content:flex-start}.wp-block-uagb-image--layout-overlay__inner.bottom-left,.wp-block-uagb-image--layout-overlay__inner.bottom-center,.wp-block-uagb-image--layout-overlay__inner.bottom-right{justify-content:flex-end}.wp-block-uagb-image--layout-overlay__inner.top-left,.wp-block-uagb-image--layout-overlay__inner.center-left,.wp-block-uagb-image--layout-overlay__inner.bottom-left{align-items:flex-start}.wp-block-uagb-image--layout-overlay__inner.top-right,.wp-block-uagb-image--layout-overlay__inner.center-right,.wp-block-uagb-image--layout-overlay__inner.bottom-right{align-items:flex-end}.wp-block-uagb-image--layout-overlay__inner .uagb-image-heading{color:#fff;transition:transform 0.35s, opacity 0.35s ease-in-out;transform:translate3d(0, 24px, 0);margin:0;line-height:1em}.wp-block-uagb-image--layout-overlay__inner .uagb-image-separator{width:30%;border-top-width:2px;border-top-color:#fff;border-top-style:solid;margin-bottom:10px;opacity:0;transition:transform 0.4s, opacity 0.4s ease-in-out;transform:translate3d(0, 30px, 0)}.wp-block-uagb-image--layout-overlay__inner .uagb-image-caption{opacity:0;overflow:visible;color:#fff;transition:transform 0.45s, opacity 0.45s ease-in-out;transform:translate3d(0, 35px, 0)}.wp-block-uagb-image--layout-overlay__inner:hover .uagb-image-heading,.wp-block-uagb-image--layout-overlay__inner:hover .uagb-image-separator,.wp-block-uagb-image--layout-overlay__inner:hover .uagb-image-caption{opacity:1;transform:translate3d(0, 0, 0)}.wp-block-uagb-image--effect-zoomin .wp-block-uagb-image__figure img,.wp-block-uagb-image--effect-zoomin .wp-block-uagb-image__figure .wp-block-uagb-image--layout-overlay__color-wrapper{transform:scale(1);transition:transform 0.35s ease-in-out}.wp-block-uagb-image--effect-zoomin .wp-block-uagb-image__figure:hover img,.wp-block-uagb-image--effect-zoomin .wp-block-uagb-image__figure:hover .wp-block-uagb-image--layout-overlay__color-wrapper{transform:scale(1.05)}.wp-block-uagb-image--effect-slide .wp-block-uagb-image__figure img,.wp-block-uagb-image--effect-slide .wp-block-uagb-image__figure .wp-block-uagb-image--layout-overlay__color-wrapper{width:calc(100% + 40px) !important;max-width:none !important;transform:translate3d(-40px, 0, 0);transition:transform 0.35s ease-in-out}.wp-block-uagb-image--effect-slide .wp-block-uagb-image__figure:hover img,.wp-block-uagb-image--effect-slide .wp-block-uagb-image__figure:hover .wp-block-uagb-image--layout-overlay__color-wrapper{transform:translate3d(0, 0, 0)}.wp-block-uagb-image--effect-grayscale img{filter:grayscale(0%);transition:0.35s ease-in-out}.wp-block-uagb-image--effect-grayscale:hover img{filter:grayscale(100%)}.wp-block-uagb-image--effect-blur img{filter:blur(0);transition:0.35s ease-in-out}.wp-block-uagb-image--effect-blur:hover img{filter:blur(3px)}\n.uagb-block-e6f939b3.wp-block-uagb-image--layout-default figure img{box-shadow: 0px 0px 0 #00000070;}.uagb-block-e6f939b3.wp-block-uagb-image .wp-block-uagb-image__figure figcaption{font-style: normal;align-self: center;}.uagb-block-e6f939b3.wp-block-uagb-image--layout-overlay figure img{box-shadow: 0px 0px 0 #00000070;}.uagb-block-e6f939b3.wp-block-uagb-image--layout-overlay .wp-block-uagb-image--layout-overlay__color-wrapper{opacity: 0.2;}.uagb-block-e6f939b3.wp-block-uagb-image--layout-overlay .wp-block-uagb-image--layout-overlay__inner{left: 15px;right: 15px;top: 15px;bottom: 15px;}.uagb-block-e6f939b3.wp-block-uagb-image--layout-overlay .wp-block-uagb-image--layout-overlay__inner .uagb-image-heading{font-style: normal;color: #fff;opacity: 1;}.uagb-block-e6f939b3.wp-block-uagb-image--layout-overlay .wp-block-uagb-image--layout-overlay__inner .uagb-image-heading a{color: #fff;}.uagb-block-e6f939b3.wp-block-uagb-image--layout-overlay .wp-block-uagb-image--layout-overlay__inner .uagb-image-caption{opacity: 0;}.uagb-block-e6f939b3.wp-block-uagb-image--layout-overlay .wp-block-uagb-image__figure:hover .wp-block-uagb-image--layout-overlay__color-wrapper{opacity: 1;}.uagb-block-e6f939b3.wp-block-uagb-image .wp-block-uagb-image--layout-overlay__inner .uagb-image-separator{width: 30%;border-top-width: 2px;border-top-color: #fff;opacity: 0;}.uagb-block-e6f939b3.wp-block-uagb-image .wp-block-uagb-image__figure img{width: px;height: auto;}.uagb-block-e6f939b3.wp-block-uagb-image .wp-block-uagb-image__figure:hover .wp-block-uagb-image--layout-overlay__inner .uagb-image-caption{opacity: 1;}.uagb-block-e6f939b3.wp-block-uagb-image .wp-block-uagb-image__figure:hover .wp-block-uagb-image--layout-overlay__inner .uagb-image-separator{opacity: 1;}.uagb-block-e6f939b3.wp-block-uagb-image--layout-default figure:hover img{box-shadow: 0px 0px 0 #00000070;}.uagb-block-e6f939b3.wp-block-uagb-image--layout-overlay figure:hover img{box-shadow: 0px 0px 0 #00000070;}@media only screen and (max-width: 976px) {.uagb-block-e6f939b3.wp-block-uagb-image .wp-block-uagb-image__figure img{width: px;height: auto;}}@media only screen and (max-width: 767px) {.uagb-block-e6f939b3.wp-block-uagb-image .wp-block-uagb-image__figure img{width: px;height: auto;}}.uagb-block-e6f939b3.wp-block-uagb-image--layout-default figure img{box-shadow: 0px 0px 0 #00000070;}.uagb-block-e6f939b3.wp-block-uagb-image .wp-block-uagb-image__figure figcaption{font-style: normal;align-self: center;}.uagb-block-e6f939b3.wp-block-uagb-image--layout-overlay figure img{box-shadow: 0px 0px 0 #00000070;}.uagb-block-e6f939b3.wp-block-uagb-image--layout-overlay .wp-block-uagb-image--layout-overlay__color-wrapper{opacity: 0.2;}.uagb-block-e6f939b3.wp-block-uagb-image--layout-overlay .wp-block-uagb-image--layout-overlay__inner{left: 15px;right: 15px;top: 15px;bottom: 15px;}.uagb-block-e6f939b3.wp-block-uagb-image--layout-overlay .wp-block-uagb-image--layout-overlay__inner .uagb-image-heading{font-style: normal;color: #fff;opacity: 1;}.uagb-block-e6f939b3.wp-block-uagb-image--layout-overlay .wp-block-uagb-image--layout-overlay__inner .uagb-image-heading a{color: #fff;}.uagb-block-e6f939b3.wp-block-uagb-image--layout-overlay .wp-block-uagb-image--layout-overlay__inner .uagb-image-caption{opacity: 0;}.uagb-block-e6f939b3.wp-block-uagb-image--layout-overlay .wp-block-uagb-image__figure:hover .wp-block-uagb-image--layout-overlay__color-wrapper{opacity: 1;}.uagb-block-e6f939b3.wp-block-uagb-image .wp-block-uagb-image--layout-overlay__inner .uagb-image-separator{width: 30%;border-top-width: 2px;border-top-color: #fff;opacity: 0;}.uagb-block-e6f939b3.wp-block-uagb-image .wp-block-uagb-image__figure img{width: px;height: auto;}.uagb-block-e6f939b3.wp-block-uagb-image .wp-block-uagb-image__figure:hover .wp-block-uagb-image--layout-overlay__inner .uagb-image-caption{opacity: 1;}.uagb-block-e6f939b3.wp-block-uagb-image .wp-block-uagb-image__figure:hover .wp-block-uagb-image--layout-overlay__inner .uagb-image-separator{opacity: 1;}.uagb-block-e6f939b3.wp-block-uagb-image--layout-default figure:hover img{box-shadow: 0px 0px 0 #00000070;}.uagb-block-e6f939b3.wp-block-uagb-image--layout-overlay figure:hover img{box-shadow: 0px 0px 0 #00000070;}@media only screen and (max-width: 976px) {.uagb-block-e6f939b3.wp-block-uagb-image .wp-block-uagb-image__figure img{width: px;height: auto;}}@media only screen and (max-width: 767px) {.uagb-block-e6f939b3.wp-block-uagb-image .wp-block-uagb-image__figure img{width: px;height: auto;}}.uagb-block-76eeaadf.wp-block-uagb-image--layout-default figure img{box-shadow: 0px 0px 0 #00000070;}.uagb-block-76eeaadf.wp-block-uagb-image .wp-block-uagb-image__figure figcaption{font-style: normal;align-self: center;}.uagb-block-76eeaadf.wp-block-uagb-image--layout-overlay figure img{box-shadow: 0px 0px 0 #00000070;}.uagb-block-76eeaadf.wp-block-uagb-image--layout-overlay .wp-block-uagb-image--layout-overlay__color-wrapper{opacity: 0.2;}.uagb-block-76eeaadf.wp-block-uagb-image--layout-overlay .wp-block-uagb-image--layout-overlay__inner{left: 15px;right: 15px;top: 15px;bottom: 15px;}.uagb-block-76eeaadf.wp-block-uagb-image--layout-overlay .wp-block-uagb-image--layout-overlay__inner .uagb-image-heading{font-style: normal;color: #fff;opacity: 1;}.uagb-block-76eeaadf.wp-block-uagb-image--layout-overlay .wp-block-uagb-image--layout-overlay__inner .uagb-image-heading a{color: #fff;}.uagb-block-76eeaadf.wp-block-uagb-image--layout-overlay .wp-block-uagb-image--layout-overlay__inner .uagb-image-caption{opacity: 0;}.uagb-block-76eeaadf.wp-block-uagb-image--layout-overlay .wp-block-uagb-image__figure:hover .wp-block-uagb-image--layout-overlay__color-wrapper{opacity: 1;}.uagb-block-76eeaadf.wp-block-uagb-image .wp-block-uagb-image--layout-overlay__inner .uagb-image-separator{width: 30%;border-top-width: 2px;border-top-color: #fff;opacity: 0;}.uagb-block-76eeaadf.wp-block-uagb-image .wp-block-uagb-image__figure img{width: 108px;height: auto;}.uagb-block-76eeaadf.wp-block-uagb-image .wp-block-uagb-image__figure:hover .wp-block-uagb-image--layout-overlay__inner .uagb-image-caption{opacity: 1;}.uagb-block-76eeaadf.wp-block-uagb-image .wp-block-uagb-image__figure:hover .wp-block-uagb-image--layout-overlay__inner .uagb-image-separator{opacity: 1;}.uagb-block-76eeaadf.wp-block-uagb-image--layout-default figure:hover img{box-shadow: 0px 0px 0 #00000070;}.uagb-block-76eeaadf.wp-block-uagb-image--layout-overlay figure:hover img{box-shadow: 0px 0px 0 #00000070;}@media only screen and (max-width: 976px) {.uagb-block-76eeaadf.wp-block-uagb-image .wp-block-uagb-image__figure img{width: 108px;height: auto;}}@media only screen and (max-width: 767px) {.uagb-block-76eeaadf.wp-block-uagb-image .wp-block-uagb-image__figure img{width: 108px;height: auto;}}\";s:2:\"js\";s:0:\"\";s:18:\"current_block_list\";a:18:{i:0;s:11:\"core\/search\";i:1;s:10:\"core\/group\";i:2;s:12:\"core\/heading\";i:3;s:17:\"core\/latest-posts\";i:4;s:13:\"core\/archives\";i:5;s:15:\"core\/categories\";i:6;s:10:\"core\/image\";i:7;s:10:\"core\/quote\";i:8;s:14:\"core\/paragraph\";i:9;s:14:\"core\/shortcode\";i:10;s:20:\"core\/latest-comments\";i:11;s:10:\"uagb\/image\";i:12;s:30:\"woocommerce\/product-categories\";i:13;s:26:\"woocommerce\/filter-wrapper\";i:14;s:24:\"woocommerce\/price-filter\";i:15;s:11:\"core\/spacer\";i:16;s:18:\"core\/legacy-widget\";i:18;s:25:\"woocommerce\/rating-filter\";}s:8:\"uag_flag\";b:1;s:11:\"uag_version\";s:10:\"1764064705\";s:6:\"gfonts\";a:0:{}s:10:\"gfonts_url\";s:0:\"\";s:12:\"gfonts_files\";a:0:{}s:14:\"uag_faq_layout\";b:0;}"],"_uag_css_file_name":["uag-css-9088.css"]},"uagb_featured_image_src":{"full":["https:\/\/gorillabeans.es\/wp-content\/uploads\/2025\/11\/IMG_7885.heic",0,0,false],"thumbnail":["https:\/\/gorillabeans.es\/wp-content\/uploads\/2025\/11\/IMG_7885.heic",1,1,false],"medium":["https:\/\/gorillabeans.es\/wp-content\/uploads\/2025\/11\/IMG_7885.heic",1,1,false],"medium_large":["https:\/\/gorillabeans.es\/wp-content\/uploads\/2025\/11\/IMG_7885.heic",1,1,false],"large":["https:\/\/gorillabeans.es\/wp-content\/uploads\/2025\/11\/IMG_7885.heic",1,1,false],"1536x1536":["https:\/\/gorillabeans.es\/wp-content\/uploads\/2025\/11\/IMG_7885.heic",1,1,false],"2048x2048":["https:\/\/gorillabeans.es\/wp-content\/uploads\/2025\/11\/IMG_7885.heic",1,1,false],"trp-custom-language-flag":["https:\/\/gorillabeans.es\/wp-content\/uploads\/2025\/11\/IMG_7885.heic",1,1,false],"woocommerce_thumbnail":["https:\/\/gorillabeans.es\/wp-content\/uploads\/2025\/11\/IMG_7885.heic",1,1,false],"woocommerce_single":["https:\/\/gorillabeans.es\/wp-content\/uploads\/2025\/11\/IMG_7885.heic",1,1,false],"woocommerce_gallery_thumbnail":["https:\/\/gorillabeans.es\/wp-content\/uploads\/2025\/11\/IMG_7885.heic",1,1,false]},"uagb_author_info":{"display_name":"admin","author_link":"https:\/\/gorillabeans.es\/es\/author\/"},"uagb_comment_info":0,"uagb_excerpt":"\ud83c\udf81 \u00a1Promoci\u00f3n Especial!Recibe un regalo gratis con cada pedido de caf\u00e9 superior a 1 kg.Descubre el sabor \u00fanico de nuestros caf\u00e9s de especialidad de Ruanda y disfruta de un detalle extra de nuestra parte. \u2615 100% Ar\u00e1bica \u2013 Tostado en Espa\u00f1a\ud83d\udc9b Aut\u00e9ntico | Fresco | Justo | Delicioso\ud83d\udc49 \u00a1Haz tu pedido ahora y ll\u00e9vate tu&hellip;","jetpack_sharing_enabled":true,"_links":{"self":[{"href":"https:\/\/gorillabeans.es\/es\/wp-json\/wp\/v2\/product\/9088","targetHints":{"allow":["GET"]}}],"collection":[{"href":"https:\/\/gorillabeans.es\/es\/wp-json\/wp\/v2\/product"}],"about":[{"href":"https:\/\/gorillabeans.es\/es\/wp-json\/wp\/v2\/types\/product"}],"replies":[{"embeddable":true,"href":"https:\/\/gorillabeans.es\/es\/wp-json\/wp\/v2\/comments?post=9088"}],"version-history":[{"count":3,"href":"https:\/\/gorillabeans.es\/es\/wp-json\/wp\/v2\/product\/9088\/revisions"}],"predecessor-version":[{"id":9093,"href":"https:\/\/gorillabeans.es\/es\/wp-json\/wp\/v2\/product\/9088\/revisions\/9093"}],"wp:featuredmedia":[{"embeddable":true,"href":"https:\/\/gorillabeans.es\/es\/wp-json\/wp\/v2\/media\/9089"}],"wp:attachment":[{"href":"https:\/\/gorillabeans.es\/es\/wp-json\/wp\/v2\/media?parent=9088"}],"wp:term":[{"taxonomy":"product_brand","embeddable":true,"href":"https:\/\/gorillabeans.es\/es\/wp-json\/wp\/v2\/product_brand?post=9088"},{"taxonomy":"product_cat","embeddable":true,"href":"https:\/\/gorillabeans.es\/es\/wp-json\/wp\/v2\/product_cat?post=9088"},{"taxonomy":"product_tag","embeddable":true,"href":"https:\/\/gorillabeans.es\/es\/wp-json\/wp\/v2\/product_tag?post=9088"}],"curies":[{"name":"wp","href":"https:\/\/api.w.org\/{rel}","templated":true}]}}