{"id":7723,"date":"2025-02-10T20:57:00","date_gmt":"2025-02-10T20:57:00","guid":{"rendered":"https:\/\/gorillabeans.es\/?post_type=product&#038;p=7723"},"modified":"2025-09-28T09:27:15","modified_gmt":"2025-09-28T09:27:15","slug":"roasted-coffee-100-arabiga","status":"publish","type":"product","link":"https:\/\/gorillabeans.es\/es\/producto\/roasted-coffee-100-arabiga\/","title":{"rendered":"Caf\u00e9 tostado 100% Ar\u00e1bica Ruanda Proceso lavado 87 SCA"},"content":{"rendered":"<p data-start=\"93\" data-end=\"167\"><strong data-start=\"93\" data-end=\"165\">Specialty Coffee Rwanda Huye \u2013 100% Arabica Washed \u2013 87 SCA\u00a0<\/strong><\/p>\n<p data-start=\"169\" data-end=\"370\">Caf\u00e9 de especialidad de origen \u00fanico, cultivado en Huye, Ruanda, a 1.700\u20132.200 msnm. Granos 100% Ar\u00e1bica, proceso lavado, reconocidos por su limpieza en taza, acidez brillante y notas florales con toques c\u00edtricos.<\/p>\n<p data-start=\"372\" data-end=\"404\">Available quality lots:<\/p>\n<ul data-start=\"406\" data-end=\"551\">\n<li data-start=\"406\" data-end=\"477\">\n<p data-start=\"408\" data-end=\"477\"><strong data-start=\"408\" data-end=\"419\">87 SCA:<\/strong> Caf\u00e9 complejo, con mayor dulzura y cuerpo equilibrado.<\/p>\n<\/li>\n<\/ul>\n<p data-start=\"553\" data-end=\"690\">Tostado en Espa\u00f1a para garantizar la m\u00e1xima frescura y resaltar su perfil arom\u00e1tico. Perfecto para espresso, V60, Chemex y m\u00e9todos de filtrado.<\/p>\n<p data-start=\"692\" data-end=\"714\"><strong data-start=\"692\" data-end=\"712\">Caracter\u00edsticas:<\/strong><\/p>\n<ul data-start=\"715\" data-end=\"889\">\n<li data-start=\"715\" data-end=\"743\">\n<p data-start=\"717\" data-end=\"743\"><strong data-start=\"717\" data-end=\"728\">Origen:<\/strong> Huye, Ruanda<\/p>\n<\/li>\n<li data-start=\"744\" data-end=\"778\">\n<p data-start=\"746\" data-end=\"778\"><strong data-start=\"746\" data-end=\"759\">Altitud:<\/strong> 1,700\u20132,200 masl<\/p>\n<\/li>\n<li data-start=\"779\" data-end=\"808\">\n<p data-start=\"781\" data-end=\"808\"><strong data-start=\"781\" data-end=\"793\">Variedad:<\/strong> 100% Arabica<\/p>\n<\/li>\n<li data-start=\"809\" data-end=\"832\">\n<p data-start=\"811\" data-end=\"832\"><strong data-start=\"811\" data-end=\"823\">Process:<\/strong> Lavado<\/p>\n<\/li>\n<li data-start=\"833\" data-end=\"864\">\n<p data-start=\"835\" data-end=\"864\"><strong data-start=\"835\" data-end=\"846\">Scores:<\/strong> 87 SCA<\/p>\n<\/li>\n<li data-start=\"865\" data-end=\"889\">\n<p data-start=\"867\" data-end=\"889\"><strong data-start=\"867\" data-end=\"887\">Tostado en Espa\u00f1a<\/strong><\/p>\n<\/li>\n<\/ul>\n<p data-start=\"891\" data-end=\"977\">Un caf\u00e9 premium que refleja la pureza y excelencia de los caf\u00e9s lavados de Ruanda.<\/p>","protected":false},"excerpt":{"rendered":"<p data-start=\"144\" data-end=\"222\"><strong data-start=\"144\" data-end=\"220\">Caf\u00e9 de Especialidad Ruanda Huye \u2013 100% Ar\u00e1bica Lavado \u2013 87 SCA \/ 82 SCA<\/strong><\/p>\n<ul data-start=\"224\" data-end=\"999\">\n<li data-start=\"224\" data-end=\"372\">\n<p data-start=\"226\" data-end=\"372\">\ud83c\udf0d <strong data-start=\"229\" data-end=\"245\">Origen \u00fanico<\/strong>: cultivado en <strong data-start=\"260\" data-end=\"276\">Huye, Ruanda<\/strong>, a <strong data-start=\"280\" data-end=\"300\">1.700\u20132.200 msnm<\/strong>, donde la altitud y el clima favorecen granos de calidad excepcional.<\/p>\n<\/li>\n<li data-start=\"373\" data-end=\"505\">\n<p data-start=\"375\" data-end=\"505\">\ud83c\udf31 <strong data-start=\"378\" data-end=\"411\">100% Ar\u00e1bica \u2013 Proceso Lavado<\/strong>: granos seleccionados y lavados cuidadosamente para una taza limpia, brillante y arom\u00e1tica.<\/p>\n<\/li>\n<li data-start=\"506\" data-end=\"689\">\n<p data-start=\"508\" data-end=\"542\">\u2615 C<strong data-start=\"510\" data-end=\"539\">alidade disponible<\/strong>:<\/p>\n<ul data-start=\"546\" data-end=\"689\">\n<li data-start=\"546\" data-end=\"622\">\n<p data-start=\"548\" data-end=\"622\"><strong data-start=\"548\" data-end=\"558\">87 SCA<\/strong>: perfil complejo, floral y afrutado, con dulzura equilibrada.<\/p>\n<\/li>\n<\/ul>\n<\/li>\n<li data-start=\"690\" data-end=\"815\">\n<p data-start=\"692\" data-end=\"815\">\ud83d\udd25 <strong data-start=\"695\" data-end=\"716\">Tostado en Espa\u00f1a<\/strong>: m\u00e1xima frescura y tueste artesanal que resalta los matices c\u00edtricos, florales y su acidez viva.<\/p>\n<\/li>\n<\/ul>","protected":false},"featured_media":9063,"comment_status":"open","ping_status":"closed","template":"","meta":{"_uag_custom_page_level_css":"","site-sidebar-layout":"default","site-content-layout":"","ast-site-content-layout":"default","site-content-style":"default","site-sidebar-style":"default","ast-global-header-display":"","ast-banner-title-visibility":"","ast-main-header-display":"","ast-hfb-above-header-display":"","ast-hfb-below-header-display":"","ast-hfb-mobile-header-display":"","site-post-title":"","ast-breadcrumbs-content":"","ast-featured-img":"","footer-sml-layout":"","theme-transparent-header-meta":"default","adv-header-id-meta":"","stick-header-meta":"default","header-above-stick-meta":"","header-main-stick-meta":"","header-below-stick-meta":"","astra-migrate-meta-layouts":"set","ast-page-background-enabled":"default","ast-page-background-meta":{"desktop":{"background-color":"var(--ast-global-color-4)","background-image":"","background-repeat":"repeat","background-position":"center center","background-size":"auto","background-attachment":"scroll","background-type":"","background-media":"","overlay-type":"","overlay-color":"","overlay-opacity":"","overlay-gradient":""},"tablet":{"background-color":"","background-image":"","background-repeat":"repeat","background-position":"center center","background-size":"auto","background-attachment":"scroll","background-type":"","background-media":"","overlay-type":"","overlay-color":"","overlay-opacity":"","overlay-gradient":""},"mobile":{"background-color":"","background-image":"","background-repeat":"repeat","background-position":"center center","background-size":"auto","background-attachment":"scroll","background-type":"","background-media":"","overlay-type":"","overlay-color":"","overlay-opacity":"","overlay-gradient":""}},"ast-content-background-meta":{"desktop":{"background-color":"var(--ast-global-color-5)","background-image":"","background-repeat":"repeat","background-position":"center center","background-size":"auto","background-attachment":"scroll","background-type":"","background-media":"","overlay-type":"","overlay-color":"","overlay-opacity":"","overlay-gradient":""},"tablet":{"background-color":"var(--ast-global-color-5)","background-image":"","background-repeat":"repeat","background-position":"center center","background-size":"auto","background-attachment":"scroll","background-type":"","background-media":"","overlay-type":"","overlay-color":"","overlay-opacity":"","overlay-gradient":""},"mobile":{"background-color":"var(--ast-global-color-5)","background-image":"","background-repeat":"repeat","background-position":"center center","background-size":"auto","background-attachment":"scroll","background-type":"","background-media":"","overlay-type":"","overlay-color":"","overlay-opacity":"","overlay-gradient":""}}},"product_brand":[],"product_cat":[93,344],"product_tag":[],"class_list":{"0":"post-7723","1":"product","2":"type-product","3":"status-publish","4":"has-post-thumbnail","6":"product_cat-coffee","7":"product_cat-roasted-coffee","8":"desktop-align-left","9":"tablet-align-left","10":"mobile-align-left","11":"ast-product-gallery-layout-horizontal","12":"ast-product-single-variable","13":"ast-product-tabs-layout-horizontal","15":"first","16":"instock","17":"taxable","18":"shipping-taxable","19":"purchasable","20":"product-type-variable"},"aioseo_notices":[],"spectra_custom_meta":{"_edit_last":["1"],"_edit_lock":["1759051654:1"],"_thumbnail_id":["9063"],"_wp_page_template":["default"],"total_sales":["8"],"_tax_status":["taxable"],"_tax_class":["reduced"],"_manage_stock":["yes"],"_backorders":["notify"],"_sold_individually":["no"],"_virtual":["no"],"_downloadable":["no"],"_download_limit":["-1"],"_download_expiry":["-1"],"_stock":["32"],"_stock_status":["instock"],"_wc_average_rating":["5.00"],"_wc_review_count":["2"],"_product_version":["10.2.1"],"yith_proteo_remove_header_and_footer":["off"],"sidebar_position":["inherit"],"sidebar_chooser":["inherit"],"_eael_post_view_count":["418"],"_product_attributes":["a:1:{s:6:\"weight\";a:6:{s:4:\"name\";s:6:\"weight\";s:5:\"value\";s:22:\"250 g | 500 g | 1000 g\";s:8:\"position\";i:0;s:10:\"is_visible\";i:1;s:12:\"is_variation\";i:1;s:11:\"is_taxonomy\";i:0;}}"],"_wc_rating_count":["a:1:{i:5;i:2;}"],"_wc_gla_visibility":["sync-and-show"],"_wc_gla_sync_status":["synced"],"_wc_gla_synced_at":["1747195254"],"_wc_gla_google_ids":["a:1:{s:2:\"ES\";s:21:\"online:es:ES:gla_7728\";}"],"_upsell_ids":["a:6:{i:0;i:7798;i:1;i:7815;i:2;i:7795;i:3;i:7789;i:4;i:7807;i:5;i:7818;}"],"_crosssell_ids":["a:6:{i:0;i:7798;i:1;i:7815;i:2;i:7795;i:3;i:7789;i:4;i:7807;i:5;i:7818;}"],"_product_image_gallery":["7826"],"_wc_gla_mc_status":["expiring"],"surerank_seo_checks":["a:13:{s:14:\"h2_subheadings\";a:2:{s:6:\"status\";s:7:\"warning\";s:7:\"message\";s:42:\"The page does not contain any subheadings.\";}s:13:\"media_present\";a:2:{s:6:\"status\";s:7:\"success\";s:7:\"message\";s:55:\"This page includes images or videos to enhance content.\";}s:13:\"links_present\";a:2:{s:6:\"status\";s:7:\"warning\";s:7:\"message\";s:27:\"No links found on the page.\";}s:10:\"url_length\";a:2:{s:6:\"status\";s:7:\"success\";s:7:\"message\";s:35:\"Page URL is short and SEO-friendly.\";}s:19:\"search_engine_title\";a:2:{s:6:\"status\";s:7:\"warning\";s:7:\"message\";s:42:\"Search engine title exceeds 60 characters.\";}s:25:\"search_engine_description\";a:2:{s:6:\"status\";s:7:\"success\";s:7:\"message\";s:62:\"Search engine description is present and under 160 characters.\";}s:13:\"canonical_url\";a:2:{s:6:\"status\";s:7:\"success\";s:7:\"message\";s:37:\"Canonical tag is present on the page.\";}s:15:\"open_graph_tags\";a:2:{s:6:\"status\";s:7:\"success\";s:7:\"message\";s:40:\"Open Graph tags are present on the page.\";}s:12:\"broken_links\";a:2:{s:6:\"status\";s:7:\"success\";s:7:\"message\";s:34:\"No broken links found on the page.\";}s:16:\"keyword_in_title\";a:2:{s:6:\"status\";s:10:\"suggestion\";s:7:\"message\";s:38:\"No focus keyword set to analyze title.\";}s:22:\"keyword_in_description\";a:2:{s:6:\"status\";s:10:\"suggestion\";s:7:\"message\";s:49:\"No focus keyword set to analyze meta description.\";}s:14:\"keyword_in_url\";a:2:{s:6:\"status\";s:10:\"suggestion\";s:7:\"message\";s:36:\"No focus keyword set to analyze URL.\";}s:18:\"keyword_in_content\";a:2:{s:6:\"status\";s:10:\"suggestion\";s:7:\"message\";s:40:\"No focus keyword set to analyze content.\";}}"],"surerank_seo_checks_last_updated":["1759051636"],"cartflows_redirect_flow_id":[""],"cartflows_add_to_cart_text":[""],"_aioseo_keywords":["a:0:{}"],"_aioseo_og_title":[""],"_aioseo_og_description":[""],"_aioseo_og_article_section":[""],"_aioseo_og_article_tags":["a:0:{}"],"_aioseo_twitter_title":[""],"_aioseo_twitter_description":[""],"site-sidebar-layout":["default"],"ast-site-content-layout":["default"],"site-content-style":["default"],"site-sidebar-style":["default"],"theme-transparent-header-meta":["default"],"stick-header-meta":["default"],"_price":["11.99","20.99","40.99"],"_aioseo_title":[null],"_aioseo_description":[null],"astra-migrate-meta-layouts":["set"],"_uag_page_assets":["a:9:{s:3:\"css\";s:11683:\".uag-blocks-common-selector{z-index:var(--z-index-desktop) !important}@media (max-width: 976px){.uag-blocks-common-selector{z-index:var(--z-index-tablet) !important}}@media (max-width: 767px){.uag-blocks-common-selector{z-index:var(--z-index-mobile) !important}}\n.wp-block-uagb-image{display:flex}.wp-block-uagb-image__figure{position:relative;display:flex;flex-direction:column;max-width:100%;height:auto;margin:0}.wp-block-uagb-image__figure img{height:auto;display:flex;max-width:100%;transition:box-shadow 0.2s ease}.wp-block-uagb-image__figure>a{display:inline-block}.wp-block-uagb-image__figure figcaption{text-align:center;margin-top:0.5em;margin-bottom:1em}.wp-block-uagb-image .components-placeholder.block-editor-media-placeholder .components-placeholder__instructions{align-self:center}.wp-block-uagb-image--align-left{text-align:left}.wp-block-uagb-image--align-right{text-align:right}.wp-block-uagb-image--align-center{text-align:center}.wp-block-uagb-image--align-full .wp-block-uagb-image__figure{margin-left:calc(50% - 50vw);margin-right:calc(50% - 50vw);max-width:100vw;width:100vw;height:auto}.wp-block-uagb-image--align-full .wp-block-uagb-image__figure img{height:auto;width:100% !important}.wp-block-uagb-image--align-wide .wp-block-uagb-image__figure img{height:auto;width:100%}.wp-block-uagb-image--layout-overlay__color-wrapper{position:absolute;left:0;top:0;right:0;bottom:0;opacity:0.2;background:rgba(0,0,0,0.5);transition:opacity 0.35s ease-in-out}.wp-block-uagb-image--layout-overlay-link{position:absolute;left:0;right:0;bottom:0;top:0}.wp-block-uagb-image--layout-overlay .wp-block-uagb-image__figure:hover .wp-block-uagb-image--layout-overlay__color-wrapper{opacity:1}.wp-block-uagb-image--layout-overlay__inner{position:absolute;left:15px;right:15px;bottom:15px;top:15px;display:flex;align-items:center;justify-content:center;flex-direction:column;border-color:#fff;transition:0.35s ease-in-out}.wp-block-uagb-image--layout-overlay__inner.top-left,.wp-block-uagb-image--layout-overlay__inner.top-center,.wp-block-uagb-image--layout-overlay__inner.top-right{justify-content:flex-start}.wp-block-uagb-image--layout-overlay__inner.bottom-left,.wp-block-uagb-image--layout-overlay__inner.bottom-center,.wp-block-uagb-image--layout-overlay__inner.bottom-right{justify-content:flex-end}.wp-block-uagb-image--layout-overlay__inner.top-left,.wp-block-uagb-image--layout-overlay__inner.center-left,.wp-block-uagb-image--layout-overlay__inner.bottom-left{align-items:flex-start}.wp-block-uagb-image--layout-overlay__inner.top-right,.wp-block-uagb-image--layout-overlay__inner.center-right,.wp-block-uagb-image--layout-overlay__inner.bottom-right{align-items:flex-end}.wp-block-uagb-image--layout-overlay__inner .uagb-image-heading{color:#fff;transition:transform 0.35s, opacity 0.35s ease-in-out;transform:translate3d(0, 24px, 0);margin:0;line-height:1em}.wp-block-uagb-image--layout-overlay__inner .uagb-image-separator{width:30%;border-top-width:2px;border-top-color:#fff;border-top-style:solid;margin-bottom:10px;opacity:0;transition:transform 0.4s, opacity 0.4s ease-in-out;transform:translate3d(0, 30px, 0)}.wp-block-uagb-image--layout-overlay__inner .uagb-image-caption{opacity:0;overflow:visible;color:#fff;transition:transform 0.45s, opacity 0.45s ease-in-out;transform:translate3d(0, 35px, 0)}.wp-block-uagb-image--layout-overlay__inner:hover .uagb-image-heading,.wp-block-uagb-image--layout-overlay__inner:hover .uagb-image-separator,.wp-block-uagb-image--layout-overlay__inner:hover .uagb-image-caption{opacity:1;transform:translate3d(0, 0, 0)}.wp-block-uagb-image--effect-zoomin .wp-block-uagb-image__figure img,.wp-block-uagb-image--effect-zoomin .wp-block-uagb-image__figure .wp-block-uagb-image--layout-overlay__color-wrapper{transform:scale(1);transition:transform 0.35s ease-in-out}.wp-block-uagb-image--effect-zoomin .wp-block-uagb-image__figure:hover img,.wp-block-uagb-image--effect-zoomin .wp-block-uagb-image__figure:hover .wp-block-uagb-image--layout-overlay__color-wrapper{transform:scale(1.05)}.wp-block-uagb-image--effect-slide .wp-block-uagb-image__figure img,.wp-block-uagb-image--effect-slide .wp-block-uagb-image__figure .wp-block-uagb-image--layout-overlay__color-wrapper{width:calc(100% + 40px) !important;max-width:none !important;transform:translate3d(-40px, 0, 0);transition:transform 0.35s ease-in-out}.wp-block-uagb-image--effect-slide .wp-block-uagb-image__figure:hover img,.wp-block-uagb-image--effect-slide .wp-block-uagb-image__figure:hover .wp-block-uagb-image--layout-overlay__color-wrapper{transform:translate3d(0, 0, 0)}.wp-block-uagb-image--effect-grayscale img{filter:grayscale(0%);transition:0.35s ease-in-out}.wp-block-uagb-image--effect-grayscale:hover img{filter:grayscale(100%)}.wp-block-uagb-image--effect-blur img{filter:blur(0);transition:0.35s ease-in-out}.wp-block-uagb-image--effect-blur:hover img{filter:blur(3px)}\n.uagb-block-e6f939b3.wp-block-uagb-image--layout-default figure img{box-shadow: 0px 0px 0 #00000070;}.uagb-block-e6f939b3.wp-block-uagb-image .wp-block-uagb-image__figure figcaption{font-style: normal;align-self: center;}.uagb-block-e6f939b3.wp-block-uagb-image--layout-overlay figure img{box-shadow: 0px 0px 0 #00000070;}.uagb-block-e6f939b3.wp-block-uagb-image--layout-overlay .wp-block-uagb-image--layout-overlay__color-wrapper{opacity: 0.2;}.uagb-block-e6f939b3.wp-block-uagb-image--layout-overlay .wp-block-uagb-image--layout-overlay__inner{left: 15px;right: 15px;top: 15px;bottom: 15px;}.uagb-block-e6f939b3.wp-block-uagb-image--layout-overlay .wp-block-uagb-image--layout-overlay__inner .uagb-image-heading{font-style: normal;color: #fff;opacity: 1;}.uagb-block-e6f939b3.wp-block-uagb-image--layout-overlay .wp-block-uagb-image--layout-overlay__inner .uagb-image-heading a{color: #fff;}.uagb-block-e6f939b3.wp-block-uagb-image--layout-overlay .wp-block-uagb-image--layout-overlay__inner .uagb-image-caption{opacity: 0;}.uagb-block-e6f939b3.wp-block-uagb-image--layout-overlay .wp-block-uagb-image__figure:hover .wp-block-uagb-image--layout-overlay__color-wrapper{opacity: 1;}.uagb-block-e6f939b3.wp-block-uagb-image .wp-block-uagb-image--layout-overlay__inner .uagb-image-separator{width: 30%;border-top-width: 2px;border-top-color: #fff;opacity: 0;}.uagb-block-e6f939b3.wp-block-uagb-image .wp-block-uagb-image__figure img{width: px;height: auto;}.uagb-block-e6f939b3.wp-block-uagb-image .wp-block-uagb-image__figure:hover .wp-block-uagb-image--layout-overlay__inner .uagb-image-caption{opacity: 1;}.uagb-block-e6f939b3.wp-block-uagb-image .wp-block-uagb-image__figure:hover .wp-block-uagb-image--layout-overlay__inner .uagb-image-separator{opacity: 1;}.uagb-block-e6f939b3.wp-block-uagb-image--layout-default figure:hover img{box-shadow: 0px 0px 0 #00000070;}.uagb-block-e6f939b3.wp-block-uagb-image--layout-overlay figure:hover img{box-shadow: 0px 0px 0 #00000070;}@media only screen and (max-width: 976px) {.uagb-block-e6f939b3.wp-block-uagb-image .wp-block-uagb-image__figure img{width: px;height: auto;}}@media only screen and (max-width: 767px) {.uagb-block-e6f939b3.wp-block-uagb-image .wp-block-uagb-image__figure img{width: px;height: auto;}}.uagb-block-e6f939b3.wp-block-uagb-image--layout-default figure img{box-shadow: 0px 0px 0 #00000070;}.uagb-block-e6f939b3.wp-block-uagb-image .wp-block-uagb-image__figure figcaption{font-style: normal;align-self: center;}.uagb-block-e6f939b3.wp-block-uagb-image--layout-overlay figure img{box-shadow: 0px 0px 0 #00000070;}.uagb-block-e6f939b3.wp-block-uagb-image--layout-overlay .wp-block-uagb-image--layout-overlay__color-wrapper{opacity: 0.2;}.uagb-block-e6f939b3.wp-block-uagb-image--layout-overlay .wp-block-uagb-image--layout-overlay__inner{left: 15px;right: 15px;top: 15px;bottom: 15px;}.uagb-block-e6f939b3.wp-block-uagb-image--layout-overlay .wp-block-uagb-image--layout-overlay__inner .uagb-image-heading{font-style: normal;color: #fff;opacity: 1;}.uagb-block-e6f939b3.wp-block-uagb-image--layout-overlay .wp-block-uagb-image--layout-overlay__inner .uagb-image-heading a{color: #fff;}.uagb-block-e6f939b3.wp-block-uagb-image--layout-overlay .wp-block-uagb-image--layout-overlay__inner .uagb-image-caption{opacity: 0;}.uagb-block-e6f939b3.wp-block-uagb-image--layout-overlay .wp-block-uagb-image__figure:hover .wp-block-uagb-image--layout-overlay__color-wrapper{opacity: 1;}.uagb-block-e6f939b3.wp-block-uagb-image .wp-block-uagb-image--layout-overlay__inner .uagb-image-separator{width: 30%;border-top-width: 2px;border-top-color: #fff;opacity: 0;}.uagb-block-e6f939b3.wp-block-uagb-image .wp-block-uagb-image__figure img{width: px;height: auto;}.uagb-block-e6f939b3.wp-block-uagb-image .wp-block-uagb-image__figure:hover .wp-block-uagb-image--layout-overlay__inner .uagb-image-caption{opacity: 1;}.uagb-block-e6f939b3.wp-block-uagb-image .wp-block-uagb-image__figure:hover .wp-block-uagb-image--layout-overlay__inner .uagb-image-separator{opacity: 1;}.uagb-block-e6f939b3.wp-block-uagb-image--layout-default figure:hover img{box-shadow: 0px 0px 0 #00000070;}.uagb-block-e6f939b3.wp-block-uagb-image--layout-overlay figure:hover img{box-shadow: 0px 0px 0 #00000070;}@media only screen and (max-width: 976px) {.uagb-block-e6f939b3.wp-block-uagb-image .wp-block-uagb-image__figure img{width: px;height: auto;}}@media only screen and (max-width: 767px) {.uagb-block-e6f939b3.wp-block-uagb-image .wp-block-uagb-image__figure img{width: px;height: auto;}}.uagb-block-76eeaadf.wp-block-uagb-image--layout-default figure img{box-shadow: 0px 0px 0 #00000070;}.uagb-block-76eeaadf.wp-block-uagb-image .wp-block-uagb-image__figure figcaption{font-style: normal;align-self: center;}.uagb-block-76eeaadf.wp-block-uagb-image--layout-overlay figure img{box-shadow: 0px 0px 0 #00000070;}.uagb-block-76eeaadf.wp-block-uagb-image--layout-overlay .wp-block-uagb-image--layout-overlay__color-wrapper{opacity: 0.2;}.uagb-block-76eeaadf.wp-block-uagb-image--layout-overlay .wp-block-uagb-image--layout-overlay__inner{left: 15px;right: 15px;top: 15px;bottom: 15px;}.uagb-block-76eeaadf.wp-block-uagb-image--layout-overlay .wp-block-uagb-image--layout-overlay__inner .uagb-image-heading{font-style: normal;color: #fff;opacity: 1;}.uagb-block-76eeaadf.wp-block-uagb-image--layout-overlay .wp-block-uagb-image--layout-overlay__inner .uagb-image-heading a{color: #fff;}.uagb-block-76eeaadf.wp-block-uagb-image--layout-overlay .wp-block-uagb-image--layout-overlay__inner .uagb-image-caption{opacity: 0;}.uagb-block-76eeaadf.wp-block-uagb-image--layout-overlay .wp-block-uagb-image__figure:hover .wp-block-uagb-image--layout-overlay__color-wrapper{opacity: 1;}.uagb-block-76eeaadf.wp-block-uagb-image .wp-block-uagb-image--layout-overlay__inner .uagb-image-separator{width: 30%;border-top-width: 2px;border-top-color: #fff;opacity: 0;}.uagb-block-76eeaadf.wp-block-uagb-image .wp-block-uagb-image__figure img{width: 108px;height: auto;}.uagb-block-76eeaadf.wp-block-uagb-image .wp-block-uagb-image__figure:hover .wp-block-uagb-image--layout-overlay__inner .uagb-image-caption{opacity: 1;}.uagb-block-76eeaadf.wp-block-uagb-image .wp-block-uagb-image__figure:hover .wp-block-uagb-image--layout-overlay__inner .uagb-image-separator{opacity: 1;}.uagb-block-76eeaadf.wp-block-uagb-image--layout-default figure:hover img{box-shadow: 0px 0px 0 #00000070;}.uagb-block-76eeaadf.wp-block-uagb-image--layout-overlay figure:hover img{box-shadow: 0px 0px 0 #00000070;}@media only screen and (max-width: 976px) {.uagb-block-76eeaadf.wp-block-uagb-image .wp-block-uagb-image__figure img{width: 108px;height: auto;}}@media only screen and (max-width: 767px) {.uagb-block-76eeaadf.wp-block-uagb-image .wp-block-uagb-image__figure img{width: 108px;height: auto;}}\";s:2:\"js\";s:0:\"\";s:18:\"current_block_list\";a:18:{i:0;s:11:\"core\/search\";i:1;s:10:\"core\/group\";i:2;s:12:\"core\/heading\";i:3;s:17:\"core\/latest-posts\";i:4;s:13:\"core\/archives\";i:5;s:15:\"core\/categories\";i:6;s:10:\"core\/image\";i:7;s:10:\"core\/quote\";i:8;s:14:\"core\/paragraph\";i:9;s:14:\"core\/shortcode\";i:10;s:20:\"core\/latest-comments\";i:11;s:10:\"uagb\/image\";i:12;s:30:\"woocommerce\/product-categories\";i:13;s:26:\"woocommerce\/filter-wrapper\";i:14;s:24:\"woocommerce\/price-filter\";i:15;s:11:\"core\/spacer\";i:16;s:18:\"core\/legacy-widget\";i:18;s:25:\"woocommerce\/rating-filter\";}s:8:\"uag_flag\";b:1;s:11:\"uag_version\";s:10:\"1764064705\";s:6:\"gfonts\";a:0:{}s:10:\"gfonts_url\";s:0:\"\";s:12:\"gfonts_files\";a:0:{}s:14:\"uag_faq_layout\";b:0;}"],"_uag_css_file_name":["uag-css-7723.css"]},"uagb_featured_image_src":{"full":["https:\/\/gorillabeans.es\/wp-content\/uploads\/2025\/02\/front-lavado-bourbon-87-scaled.jpg",2560,2054,false],"thumbnail":["https:\/\/gorillabeans.es\/wp-content\/uploads\/2025\/02\/front-lavado-bourbon-87-150x150.jpg",150,150,true],"medium":["https:\/\/gorillabeans.es\/wp-content\/uploads\/2025\/02\/front-lavado-bourbon-87-300x241.jpg",300,241,true],"medium_large":["https:\/\/gorillabeans.es\/wp-content\/uploads\/2025\/02\/front-lavado-bourbon-87-768x616.jpg",768,616,true],"large":["https:\/\/gorillabeans.es\/wp-content\/uploads\/2025\/02\/front-lavado-bourbon-87-1024x822.jpg",1024,822,true],"1536x1536":["https:\/\/gorillabeans.es\/wp-content\/uploads\/2025\/02\/front-lavado-bourbon-87-1536x1232.jpg",1536,1232,true],"2048x2048":["https:\/\/gorillabeans.es\/wp-content\/uploads\/2025\/02\/front-lavado-bourbon-87-2048x1643.jpg",2048,1643,true],"trp-custom-language-flag":["https:\/\/gorillabeans.es\/wp-content\/uploads\/2025\/02\/front-lavado-bourbon-87-15x12.jpg",15,12,true],"woocommerce_thumbnail":["https:\/\/gorillabeans.es\/wp-content\/uploads\/2025\/02\/front-lavado-bourbon-87-380x285.jpg",380,285,true],"woocommerce_single":["https:\/\/gorillabeans.es\/wp-content\/uploads\/2025\/02\/front-lavado-bourbon-87-600x481.jpg",600,481,true],"woocommerce_gallery_thumbnail":["https:\/\/gorillabeans.es\/wp-content\/uploads\/2025\/02\/front-lavado-bourbon-87-100x100.jpg",100,100,true]},"uagb_author_info":{"display_name":"admin","author_link":"https:\/\/gorillabeans.es\/es\/author\/"},"uagb_comment_info":2,"uagb_excerpt":"Caf\u00e9 de Especialidad Ruanda Huye \u2013 100% Ar\u00e1bica Lavado \u2013 87 SCA \/ 82 SCA \ud83c\udf0d Origen \u00fanico: cultivado en Huye, Ruanda, a 1.700\u20132.200 msnm, donde la altitud y el clima favorecen granos de calidad excepcional. \ud83c\udf31 100% Ar\u00e1bica \u2013 Proceso Lavado: granos seleccionados y lavados cuidadosamente para una taza limpia, brillante y arom\u00e1tica. \u2615&hellip;","jetpack_sharing_enabled":true,"_links":{"self":[{"href":"https:\/\/gorillabeans.es\/es\/wp-json\/wp\/v2\/product\/7723","targetHints":{"allow":["GET"]}}],"collection":[{"href":"https:\/\/gorillabeans.es\/es\/wp-json\/wp\/v2\/product"}],"about":[{"href":"https:\/\/gorillabeans.es\/es\/wp-json\/wp\/v2\/types\/product"}],"replies":[{"embeddable":true,"href":"https:\/\/gorillabeans.es\/es\/wp-json\/wp\/v2\/comments?post=7723"}],"version-history":[{"count":7,"href":"https:\/\/gorillabeans.es\/es\/wp-json\/wp\/v2\/product\/7723\/revisions"}],"predecessor-version":[{"id":9053,"href":"https:\/\/gorillabeans.es\/es\/wp-json\/wp\/v2\/product\/7723\/revisions\/9053"}],"wp:featuredmedia":[{"embeddable":true,"href":"https:\/\/gorillabeans.es\/es\/wp-json\/wp\/v2\/media\/9063"}],"wp:attachment":[{"href":"https:\/\/gorillabeans.es\/es\/wp-json\/wp\/v2\/media?parent=7723"}],"wp:term":[{"taxonomy":"product_brand","embeddable":true,"href":"https:\/\/gorillabeans.es\/es\/wp-json\/wp\/v2\/product_brand?post=7723"},{"taxonomy":"product_cat","embeddable":true,"href":"https:\/\/gorillabeans.es\/es\/wp-json\/wp\/v2\/product_cat?post=7723"},{"taxonomy":"product_tag","embeddable":true,"href":"https:\/\/gorillabeans.es\/es\/wp-json\/wp\/v2\/product_tag?post=7723"}],"curies":[{"name":"wp","href":"https:\/\/api.w.org\/{rel}","templated":true}]}}