{"id":7684,"date":"2025-02-10T20:02:48","date_gmt":"2025-02-10T20:02:48","guid":{"rendered":"https:\/\/gorillabeans.es\/?post_type=product&#038;p=7684"},"modified":"2025-09-10T08:44:01","modified_gmt":"2025-09-10T08:44:01","slug":"100-arabica-green-cofee","status":"publish","type":"product","link":"https:\/\/gorillabeans.es\/es\/producto\/100-arabica-green-cofee\/","title":{"rendered":"Green Coffee \u2013 Rwanda Huye \u2013 Single Origin, 100% Arabica"},"content":{"rendered":"<h3 data-start=\"241\" data-end=\"307\"><strong data-start=\"245\" data-end=\"305\">Green Coffee \u2013 Rwanda Huye \u2013 Single Origin, 100% Arabica<\/strong><\/h3>\n<p data-start=\"309\" data-end=\"508\">Nuestro <strong data-start=\"313\" data-end=\"339\">specialty green coffee<\/strong> Viene de las tierras altas de <strong data-start=\"368\" data-end=\"384\">Huye, Ruanda<\/strong>cultivado a <strong data-start=\"395\" data-end=\"415\">1,700\u20132,200 masl<\/strong> En un suelo volc\u00e1nico rico y microclimas ideales que ofrecen consistencia y excelencia en la copa.<\/p>\n<ul data-start=\"510\" data-end=\"677\">\n<li data-start=\"510\" data-end=\"538\">\n<p data-start=\"512\" data-end=\"538\"><strong data-start=\"512\" data-end=\"523\">Origen:<\/strong> Huye, Ruanda<\/p>\n<\/li>\n<li data-start=\"539\" data-end=\"573\">\n<p data-start=\"541\" data-end=\"573\"><strong data-start=\"541\" data-end=\"554\">Altitud:<\/strong> 1,700\u20132,200 masl<\/p>\n<\/li>\n<li data-start=\"574\" data-end=\"603\">\n<p data-start=\"576\" data-end=\"603\"><strong data-start=\"576\" data-end=\"588\">Variedad:<\/strong> 100% Arabica<\/p>\n<\/li>\n<li data-start=\"604\" data-end=\"649\">\n<p data-start=\"606\" data-end=\"649\"><strong data-start=\"606\" data-end=\"630\">Procesos disponibles:<\/strong> Lavado y natural<\/p>\n<\/li>\n<li data-start=\"650\" data-end=\"677\">\n<p data-start=\"652\" data-end=\"677\"><strong data-start=\"652\" data-end=\"667\">Puntuaciones de SCA:<\/strong> 87 \/ 82<\/p>\n<\/li>\n<\/ul>\n<p data-start=\"679\" data-end=\"779\">Seleccionados a mano y cuidadosamente procesados en origen, estos frijoles ofrecen excelentes <strong data-start=\"755\" data-end=\"776\">cupping potential<\/strong>:<\/p>\n<ul data-start=\"780\" data-end=\"915\">\n<li data-start=\"780\" data-end=\"842\">\n<p data-start=\"782\" data-end=\"842\"><strong data-start=\"782\" data-end=\"797\">Lotes lavados<\/strong> Acidez brillante, notas florales y c\u00edtricas.<\/p>\n<\/li>\n<li data-start=\"843\" data-end=\"915\">\n<p data-start=\"845\" data-end=\"915\"><strong data-start=\"845\" data-end=\"861\">Lotes naturales<\/strong> - Cuerpo m\u00e1s completo, dulzura y complejidad de la fruta roja.<\/p>\n<\/li>\n<\/ul>\n<p data-start=\"917\" data-end=\"997\">Dise\u00f1ado para <strong data-start=\"930\" data-end=\"968\">Tostadores de caf\u00e9 especiales europeos<\/strong>, Nuestro caf\u00e9 verde asegura:<\/p>\n<ul data-start=\"998\" data-end=\"1170\">\n<li data-start=\"998\" data-end=\"1040\">\n<p data-start=\"1000\" data-end=\"1040\">Trazabilidad total y calidad constante<\/p>\n<\/li>\n<li data-start=\"1041\" data-end=\"1113\">\n<p data-start=\"1043\" data-end=\"1113\">Perfiles de sabor distintos de la regi\u00f3n de caf\u00e9 m\u00e1s reconocida de Ruanda<\/p>\n<\/li>\n<li data-start=\"1114\" data-end=\"1170\">\n<p data-start=\"1116\" data-end=\"1170\">Granos perfectos para tuestes entre claro y medio.<\/p>\n<\/li>\n<\/ul>\n<p data-start=\"1172\" data-end=\"1343\">\u2705 <strong data-start=\"1174\" data-end=\"1206\">log\u00edstica gestionada de principio a fin<\/strong>gestionamos directamente la cadena de suministro desde \u00c1frica hasta Europa, garantizando <strong data-start=\"1276\" data-end=\"1340\">Importaci\u00f3n sin problemas, entrega fiable y plazos de entrega competitivos<\/strong>.<\/p>\n<p data-start=\"1345\" data-end=\"1511\">Con nuestro <strong data-start=\"1354\" data-end=\"1392\">Rwandan single-origin green coffee<\/strong>obtienes no solo granos premium, sino tambi\u00e9n una soluci\u00f3n de suministro profesional y sin complicaciones, adaptada a los tostadores europeos.<\/p>","protected":false},"excerpt":{"rendered":"<p>Por favor, cont\u00e1ctenos si est\u00e1 interesado. \u00a1Gracias!<\/p>","protected":false},"featured_media":7722,"comment_status":"open","ping_status":"closed","template":"","meta":{"_uag_custom_page_level_css":"","site-sidebar-layout":"default","site-content-layout":"","ast-site-content-layout":"default","site-content-style":"default","site-sidebar-style":"default","ast-global-header-display":"","ast-banner-title-visibility":"","ast-main-header-display":"","ast-hfb-above-header-display":"","ast-hfb-below-header-display":"","ast-hfb-mobile-header-display":"","site-post-title":"","ast-breadcrumbs-content":"","ast-featured-img":"","footer-sml-layout":"","theme-transparent-header-meta":"default","adv-header-id-meta":"","stick-header-meta":"default","header-above-stick-meta":"","header-main-stick-meta":"","header-below-stick-meta":"","astra-migrate-meta-layouts":"set","ast-page-background-enabled":"default","ast-page-background-meta":{"desktop":{"background-color":"var(--ast-global-color-4)","background-image":"","background-repeat":"repeat","background-position":"center center","background-size":"auto","background-attachment":"scroll","background-type":"","background-media":"","overlay-type":"","overlay-color":"","overlay-opacity":"","overlay-gradient":""},"tablet":{"background-color":"","background-image":"","background-repeat":"repeat","background-position":"center center","background-size":"auto","background-attachment":"scroll","background-type":"","background-media":"","overlay-type":"","overlay-color":"","overlay-opacity":"","overlay-gradient":""},"mobile":{"background-color":"","background-image":"","background-repeat":"repeat","background-position":"center center","background-size":"auto","background-attachment":"scroll","background-type":"","background-media":"","overlay-type":"","overlay-color":"","overlay-opacity":"","overlay-gradient":""}},"ast-content-background-meta":{"desktop":{"background-color":"var(--ast-global-color-5)","background-image":"","background-repeat":"repeat","background-position":"center center","background-size":"auto","background-attachment":"scroll","background-type":"","background-media":"","overlay-type":"","overlay-color":"","overlay-opacity":"","overlay-gradient":""},"tablet":{"background-color":"var(--ast-global-color-5)","background-image":"","background-repeat":"repeat","background-position":"center center","background-size":"auto","background-attachment":"scroll","background-type":"","background-media":"","overlay-type":"","overlay-color":"","overlay-opacity":"","overlay-gradient":""},"mobile":{"background-color":"var(--ast-global-color-5)","background-image":"","background-repeat":"repeat","background-position":"center center","background-size":"auto","background-attachment":"scroll","background-type":"","background-media":"","overlay-type":"","overlay-color":"","overlay-opacity":"","overlay-gradient":""}}},"product_brand":[],"product_cat":[93],"product_tag":[],"class_list":{"0":"post-7684","1":"product","2":"type-product","3":"status-publish","4":"has-post-thumbnail","6":"product_cat-coffee","7":"desktop-align-left","8":"tablet-align-left","9":"mobile-align-left","10":"ast-product-gallery-layout-horizontal","11":"ast-product-gallery-with-no-image","12":"ast-product-tabs-layout-horizontal","14":"first","15":"onbackorder","16":"taxable","17":"shipping-taxable","18":"product-type-simple"},"aioseo_notices":[],"spectra_custom_meta":{"_edit_last":["1"],"_edit_lock":["1756723058:1"],"total_sales":["3"],"_tax_status":["taxable"],"_tax_class":["reduced"],"_manage_stock":["no"],"_backorders":["no"],"_sold_individually":["no"],"_virtual":["no"],"_downloadable":["no"],"_download_limit":["-1"],"_download_expiry":["-1"],"_stock":[null],"_stock_status":["onbackorder"],"_wc_average_rating":["5.00"],"_wc_review_count":["2"],"_product_attributes":["a:3:{s:10:\"sca-points\";a:6:{s:4:\"name\";s:10:\"SCA POINTS\";s:5:\"value\";s:7:\"87 | 82\";s:8:\"position\";i:0;s:10:\"is_visible\";i:1;s:12:\"is_variation\";i:0;s:11:\"is_taxonomy\";i:0;}s:7:\"process\";a:6:{s:4:\"name\";s:7:\"Process\";s:5:\"value\";s:16:\"Washes | Natural\";s:8:\"position\";i:1;s:10:\"is_visible\";i:1;s:12:\"is_variation\";i:0;s:11:\"is_taxonomy\";i:0;}s:7:\"variety\";a:6:{s:4:\"name\";s:7:\"Variety\";s:5:\"value\";s:7:\"Bourbon\";s:8:\"position\";i:2;s:10:\"is_visible\";i:1;s:12:\"is_variation\";i:0;s:11:\"is_taxonomy\";i:0;}}"],"_product_version":["10.1.2"],"_thumbnail_id":["7722"],"_wp_page_template":["default"],"_weight":["250"],"yith_proteo_remove_header_and_footer":["off"],"sidebar_position":["inherit"],"sidebar_chooser":["inherit"],"_eael_post_view_count":["293"],"_price":["","",""],"_wc_gla_visibility":["sync-and-show"],"_wc_gla_sync_status":["synced"],"_wc_gla_synced_at":["1747195254"],"_wc_gla_google_ids":["a:1:{s:2:\"ES\";s:21:\"online:es:ES:gla_7710\";}"],"_upsell_ids":["a:1:{i:0;i:7723;}"],"_crosssell_ids":["a:1:{i:0;i:7742;}"],"_wc_gla_mc_status":["expiring"],"surerank_seo_checks":["a:9:{s:14:\"h2_subheadings\";a:2:{s:6:\"status\";s:7:\"success\";s:7:\"message\";s:38:\"Page contains at least one subheading.\";}s:13:\"media_present\";a:2:{s:6:\"status\";s:7:\"success\";s:7:\"message\";s:55:\"This page includes images or videos to enhance content.\";}s:13:\"links_present\";a:2:{s:6:\"status\";s:7:\"warning\";s:7:\"message\";s:27:\"No links found on the page.\";}s:10:\"url_length\";a:2:{s:6:\"status\";s:7:\"success\";s:7:\"message\";s:35:\"Page URL is short and SEO-friendly.\";}s:19:\"search_engine_title\";a:2:{s:6:\"status\";s:7:\"warning\";s:7:\"message\";s:42:\"Search engine title exceeds 60 characters.\";}s:25:\"search_engine_description\";a:2:{s:6:\"status\";s:7:\"success\";s:7:\"message\";s:62:\"Search engine description is present and under 160 characters.\";}s:13:\"canonical_url\";a:2:{s:6:\"status\";s:7:\"success\";s:7:\"message\";s:37:\"Canonical tag is present on the page.\";}s:15:\"open_graph_tags\";a:2:{s:6:\"status\";s:7:\"success\";s:7:\"message\";s:40:\"Open Graph tags are present on the page.\";}s:12:\"broken_links\";a:2:{s:6:\"status\";s:7:\"success\";s:7:\"message\";s:34:\"No broken links found on the page.\";}}"],"surerank_seo_checks_last_updated":["1757494687"],"cartflows_redirect_flow_id":[""],"cartflows_add_to_cart_text":[""],"_aioseo_keywords":["a:0:{}"],"_aioseo_og_title":[""],"_aioseo_og_description":[""],"_aioseo_og_article_section":[""],"_aioseo_og_article_tags":["a:0:{}"],"_aioseo_twitter_title":[""],"_aioseo_twitter_description":[""],"site-sidebar-layout":["default"],"ast-site-content-layout":["default"],"site-content-style":["default"],"site-sidebar-style":["default"],"theme-transparent-header-meta":["default"],"stick-header-meta":["default"],"_purchase_note":["Please contact us if interested. Thank you|"],"_wc_rating_count":["a:1:{i:5;i:1;}"],"_aioseo_title":[null],"_aioseo_description":[null],"astra-migrate-meta-layouts":["set"],"_uag_page_assets":["a:9:{s:3:\"css\";s:11683:\".uag-blocks-common-selector{z-index:var(--z-index-desktop) !important}@media (max-width: 976px){.uag-blocks-common-selector{z-index:var(--z-index-tablet) !important}}@media (max-width: 767px){.uag-blocks-common-selector{z-index:var(--z-index-mobile) !important}}\n.wp-block-uagb-image{display:flex}.wp-block-uagb-image__figure{position:relative;display:flex;flex-direction:column;max-width:100%;height:auto;margin:0}.wp-block-uagb-image__figure img{height:auto;display:flex;max-width:100%;transition:box-shadow 0.2s ease}.wp-block-uagb-image__figure>a{display:inline-block}.wp-block-uagb-image__figure figcaption{text-align:center;margin-top:0.5em;margin-bottom:1em}.wp-block-uagb-image .components-placeholder.block-editor-media-placeholder .components-placeholder__instructions{align-self:center}.wp-block-uagb-image--align-left{text-align:left}.wp-block-uagb-image--align-right{text-align:right}.wp-block-uagb-image--align-center{text-align:center}.wp-block-uagb-image--align-full .wp-block-uagb-image__figure{margin-left:calc(50% - 50vw);margin-right:calc(50% - 50vw);max-width:100vw;width:100vw;height:auto}.wp-block-uagb-image--align-full .wp-block-uagb-image__figure img{height:auto;width:100% !important}.wp-block-uagb-image--align-wide .wp-block-uagb-image__figure img{height:auto;width:100%}.wp-block-uagb-image--layout-overlay__color-wrapper{position:absolute;left:0;top:0;right:0;bottom:0;opacity:0.2;background:rgba(0,0,0,0.5);transition:opacity 0.35s ease-in-out}.wp-block-uagb-image--layout-overlay-link{position:absolute;left:0;right:0;bottom:0;top:0}.wp-block-uagb-image--layout-overlay .wp-block-uagb-image__figure:hover .wp-block-uagb-image--layout-overlay__color-wrapper{opacity:1}.wp-block-uagb-image--layout-overlay__inner{position:absolute;left:15px;right:15px;bottom:15px;top:15px;display:flex;align-items:center;justify-content:center;flex-direction:column;border-color:#fff;transition:0.35s ease-in-out}.wp-block-uagb-image--layout-overlay__inner.top-left,.wp-block-uagb-image--layout-overlay__inner.top-center,.wp-block-uagb-image--layout-overlay__inner.top-right{justify-content:flex-start}.wp-block-uagb-image--layout-overlay__inner.bottom-left,.wp-block-uagb-image--layout-overlay__inner.bottom-center,.wp-block-uagb-image--layout-overlay__inner.bottom-right{justify-content:flex-end}.wp-block-uagb-image--layout-overlay__inner.top-left,.wp-block-uagb-image--layout-overlay__inner.center-left,.wp-block-uagb-image--layout-overlay__inner.bottom-left{align-items:flex-start}.wp-block-uagb-image--layout-overlay__inner.top-right,.wp-block-uagb-image--layout-overlay__inner.center-right,.wp-block-uagb-image--layout-overlay__inner.bottom-right{align-items:flex-end}.wp-block-uagb-image--layout-overlay__inner .uagb-image-heading{color:#fff;transition:transform 0.35s, opacity 0.35s ease-in-out;transform:translate3d(0, 24px, 0);margin:0;line-height:1em}.wp-block-uagb-image--layout-overlay__inner .uagb-image-separator{width:30%;border-top-width:2px;border-top-color:#fff;border-top-style:solid;margin-bottom:10px;opacity:0;transition:transform 0.4s, opacity 0.4s ease-in-out;transform:translate3d(0, 30px, 0)}.wp-block-uagb-image--layout-overlay__inner .uagb-image-caption{opacity:0;overflow:visible;color:#fff;transition:transform 0.45s, opacity 0.45s ease-in-out;transform:translate3d(0, 35px, 0)}.wp-block-uagb-image--layout-overlay__inner:hover .uagb-image-heading,.wp-block-uagb-image--layout-overlay__inner:hover .uagb-image-separator,.wp-block-uagb-image--layout-overlay__inner:hover .uagb-image-caption{opacity:1;transform:translate3d(0, 0, 0)}.wp-block-uagb-image--effect-zoomin .wp-block-uagb-image__figure img,.wp-block-uagb-image--effect-zoomin .wp-block-uagb-image__figure .wp-block-uagb-image--layout-overlay__color-wrapper{transform:scale(1);transition:transform 0.35s ease-in-out}.wp-block-uagb-image--effect-zoomin .wp-block-uagb-image__figure:hover img,.wp-block-uagb-image--effect-zoomin .wp-block-uagb-image__figure:hover .wp-block-uagb-image--layout-overlay__color-wrapper{transform:scale(1.05)}.wp-block-uagb-image--effect-slide .wp-block-uagb-image__figure img,.wp-block-uagb-image--effect-slide .wp-block-uagb-image__figure .wp-block-uagb-image--layout-overlay__color-wrapper{width:calc(100% + 40px) !important;max-width:none !important;transform:translate3d(-40px, 0, 0);transition:transform 0.35s ease-in-out}.wp-block-uagb-image--effect-slide .wp-block-uagb-image__figure:hover img,.wp-block-uagb-image--effect-slide .wp-block-uagb-image__figure:hover .wp-block-uagb-image--layout-overlay__color-wrapper{transform:translate3d(0, 0, 0)}.wp-block-uagb-image--effect-grayscale img{filter:grayscale(0%);transition:0.35s ease-in-out}.wp-block-uagb-image--effect-grayscale:hover img{filter:grayscale(100%)}.wp-block-uagb-image--effect-blur img{filter:blur(0);transition:0.35s ease-in-out}.wp-block-uagb-image--effect-blur:hover img{filter:blur(3px)}\n.uagb-block-e6f939b3.wp-block-uagb-image--layout-default figure img{box-shadow: 0px 0px 0 #00000070;}.uagb-block-e6f939b3.wp-block-uagb-image .wp-block-uagb-image__figure figcaption{font-style: normal;align-self: center;}.uagb-block-e6f939b3.wp-block-uagb-image--layout-overlay figure img{box-shadow: 0px 0px 0 #00000070;}.uagb-block-e6f939b3.wp-block-uagb-image--layout-overlay .wp-block-uagb-image--layout-overlay__color-wrapper{opacity: 0.2;}.uagb-block-e6f939b3.wp-block-uagb-image--layout-overlay .wp-block-uagb-image--layout-overlay__inner{left: 15px;right: 15px;top: 15px;bottom: 15px;}.uagb-block-e6f939b3.wp-block-uagb-image--layout-overlay .wp-block-uagb-image--layout-overlay__inner .uagb-image-heading{font-style: normal;color: #fff;opacity: 1;}.uagb-block-e6f939b3.wp-block-uagb-image--layout-overlay .wp-block-uagb-image--layout-overlay__inner .uagb-image-heading a{color: #fff;}.uagb-block-e6f939b3.wp-block-uagb-image--layout-overlay .wp-block-uagb-image--layout-overlay__inner .uagb-image-caption{opacity: 0;}.uagb-block-e6f939b3.wp-block-uagb-image--layout-overlay .wp-block-uagb-image__figure:hover .wp-block-uagb-image--layout-overlay__color-wrapper{opacity: 1;}.uagb-block-e6f939b3.wp-block-uagb-image .wp-block-uagb-image--layout-overlay__inner .uagb-image-separator{width: 30%;border-top-width: 2px;border-top-color: #fff;opacity: 0;}.uagb-block-e6f939b3.wp-block-uagb-image .wp-block-uagb-image__figure img{width: px;height: auto;}.uagb-block-e6f939b3.wp-block-uagb-image .wp-block-uagb-image__figure:hover .wp-block-uagb-image--layout-overlay__inner .uagb-image-caption{opacity: 1;}.uagb-block-e6f939b3.wp-block-uagb-image .wp-block-uagb-image__figure:hover .wp-block-uagb-image--layout-overlay__inner .uagb-image-separator{opacity: 1;}.uagb-block-e6f939b3.wp-block-uagb-image--layout-default figure:hover img{box-shadow: 0px 0px 0 #00000070;}.uagb-block-e6f939b3.wp-block-uagb-image--layout-overlay figure:hover img{box-shadow: 0px 0px 0 #00000070;}@media only screen and (max-width: 976px) {.uagb-block-e6f939b3.wp-block-uagb-image .wp-block-uagb-image__figure img{width: px;height: auto;}}@media only screen and (max-width: 767px) {.uagb-block-e6f939b3.wp-block-uagb-image .wp-block-uagb-image__figure img{width: px;height: auto;}}.uagb-block-e6f939b3.wp-block-uagb-image--layout-default figure img{box-shadow: 0px 0px 0 #00000070;}.uagb-block-e6f939b3.wp-block-uagb-image .wp-block-uagb-image__figure figcaption{font-style: normal;align-self: center;}.uagb-block-e6f939b3.wp-block-uagb-image--layout-overlay figure img{box-shadow: 0px 0px 0 #00000070;}.uagb-block-e6f939b3.wp-block-uagb-image--layout-overlay .wp-block-uagb-image--layout-overlay__color-wrapper{opacity: 0.2;}.uagb-block-e6f939b3.wp-block-uagb-image--layout-overlay .wp-block-uagb-image--layout-overlay__inner{left: 15px;right: 15px;top: 15px;bottom: 15px;}.uagb-block-e6f939b3.wp-block-uagb-image--layout-overlay .wp-block-uagb-image--layout-overlay__inner .uagb-image-heading{font-style: normal;color: #fff;opacity: 1;}.uagb-block-e6f939b3.wp-block-uagb-image--layout-overlay .wp-block-uagb-image--layout-overlay__inner .uagb-image-heading a{color: #fff;}.uagb-block-e6f939b3.wp-block-uagb-image--layout-overlay .wp-block-uagb-image--layout-overlay__inner .uagb-image-caption{opacity: 0;}.uagb-block-e6f939b3.wp-block-uagb-image--layout-overlay .wp-block-uagb-image__figure:hover .wp-block-uagb-image--layout-overlay__color-wrapper{opacity: 1;}.uagb-block-e6f939b3.wp-block-uagb-image .wp-block-uagb-image--layout-overlay__inner .uagb-image-separator{width: 30%;border-top-width: 2px;border-top-color: #fff;opacity: 0;}.uagb-block-e6f939b3.wp-block-uagb-image .wp-block-uagb-image__figure img{width: px;height: auto;}.uagb-block-e6f939b3.wp-block-uagb-image .wp-block-uagb-image__figure:hover .wp-block-uagb-image--layout-overlay__inner .uagb-image-caption{opacity: 1;}.uagb-block-e6f939b3.wp-block-uagb-image .wp-block-uagb-image__figure:hover .wp-block-uagb-image--layout-overlay__inner .uagb-image-separator{opacity: 1;}.uagb-block-e6f939b3.wp-block-uagb-image--layout-default figure:hover img{box-shadow: 0px 0px 0 #00000070;}.uagb-block-e6f939b3.wp-block-uagb-image--layout-overlay figure:hover img{box-shadow: 0px 0px 0 #00000070;}@media only screen and (max-width: 976px) {.uagb-block-e6f939b3.wp-block-uagb-image .wp-block-uagb-image__figure img{width: px;height: auto;}}@media only screen and (max-width: 767px) {.uagb-block-e6f939b3.wp-block-uagb-image .wp-block-uagb-image__figure img{width: px;height: auto;}}.uagb-block-76eeaadf.wp-block-uagb-image--layout-default figure img{box-shadow: 0px 0px 0 #00000070;}.uagb-block-76eeaadf.wp-block-uagb-image .wp-block-uagb-image__figure figcaption{font-style: normal;align-self: center;}.uagb-block-76eeaadf.wp-block-uagb-image--layout-overlay figure img{box-shadow: 0px 0px 0 #00000070;}.uagb-block-76eeaadf.wp-block-uagb-image--layout-overlay .wp-block-uagb-image--layout-overlay__color-wrapper{opacity: 0.2;}.uagb-block-76eeaadf.wp-block-uagb-image--layout-overlay .wp-block-uagb-image--layout-overlay__inner{left: 15px;right: 15px;top: 15px;bottom: 15px;}.uagb-block-76eeaadf.wp-block-uagb-image--layout-overlay .wp-block-uagb-image--layout-overlay__inner .uagb-image-heading{font-style: normal;color: #fff;opacity: 1;}.uagb-block-76eeaadf.wp-block-uagb-image--layout-overlay .wp-block-uagb-image--layout-overlay__inner .uagb-image-heading a{color: #fff;}.uagb-block-76eeaadf.wp-block-uagb-image--layout-overlay .wp-block-uagb-image--layout-overlay__inner .uagb-image-caption{opacity: 0;}.uagb-block-76eeaadf.wp-block-uagb-image--layout-overlay .wp-block-uagb-image__figure:hover .wp-block-uagb-image--layout-overlay__color-wrapper{opacity: 1;}.uagb-block-76eeaadf.wp-block-uagb-image .wp-block-uagb-image--layout-overlay__inner .uagb-image-separator{width: 30%;border-top-width: 2px;border-top-color: #fff;opacity: 0;}.uagb-block-76eeaadf.wp-block-uagb-image .wp-block-uagb-image__figure img{width: 108px;height: auto;}.uagb-block-76eeaadf.wp-block-uagb-image .wp-block-uagb-image__figure:hover .wp-block-uagb-image--layout-overlay__inner .uagb-image-caption{opacity: 1;}.uagb-block-76eeaadf.wp-block-uagb-image .wp-block-uagb-image__figure:hover .wp-block-uagb-image--layout-overlay__inner .uagb-image-separator{opacity: 1;}.uagb-block-76eeaadf.wp-block-uagb-image--layout-default figure:hover img{box-shadow: 0px 0px 0 #00000070;}.uagb-block-76eeaadf.wp-block-uagb-image--layout-overlay figure:hover img{box-shadow: 0px 0px 0 #00000070;}@media only screen and (max-width: 976px) {.uagb-block-76eeaadf.wp-block-uagb-image .wp-block-uagb-image__figure img{width: 108px;height: auto;}}@media only screen and (max-width: 767px) {.uagb-block-76eeaadf.wp-block-uagb-image .wp-block-uagb-image__figure img{width: 108px;height: auto;}}\";s:2:\"js\";s:0:\"\";s:18:\"current_block_list\";a:18:{i:0;s:11:\"core\/search\";i:1;s:10:\"core\/group\";i:2;s:12:\"core\/heading\";i:3;s:17:\"core\/latest-posts\";i:4;s:13:\"core\/archives\";i:5;s:15:\"core\/categories\";i:6;s:10:\"core\/image\";i:7;s:10:\"core\/quote\";i:8;s:14:\"core\/paragraph\";i:9;s:14:\"core\/shortcode\";i:10;s:20:\"core\/latest-comments\";i:11;s:10:\"uagb\/image\";i:12;s:30:\"woocommerce\/product-categories\";i:13;s:26:\"woocommerce\/filter-wrapper\";i:14;s:24:\"woocommerce\/price-filter\";i:15;s:11:\"core\/spacer\";i:16;s:18:\"core\/legacy-widget\";i:18;s:25:\"woocommerce\/rating-filter\";}s:8:\"uag_flag\";b:1;s:11:\"uag_version\";s:10:\"1764064705\";s:6:\"gfonts\";a:0:{}s:10:\"gfonts_url\";s:0:\"\";s:12:\"gfonts_files\";a:0:{}s:14:\"uag_faq_layout\";b:0;}"],"_uag_css_file_name":["uag-css-7684.css"],"_elementor_page_assets":["a:0:{}"]},"uagb_featured_image_src":{"full":["https:\/\/gorillabeans.es\/wp-content\/uploads\/2025\/02\/100_arabica_green_cofee-scaled.jpg",1846,2560,false],"thumbnail":["https:\/\/gorillabeans.es\/wp-content\/uploads\/2025\/02\/100_arabica_green_cofee-150x150.jpg",150,150,true],"medium":["https:\/\/gorillabeans.es\/wp-content\/uploads\/2025\/02\/100_arabica_green_cofee-216x300.jpg",216,300,true],"medium_large":["https:\/\/gorillabeans.es\/wp-content\/uploads\/2025\/02\/100_arabica_green_cofee-768x1065.jpg",768,1065,true],"large":["https:\/\/gorillabeans.es\/wp-content\/uploads\/2025\/02\/100_arabica_green_cofee-738x1024.jpg",738,1024,true],"1536x1536":["https:\/\/gorillabeans.es\/wp-content\/uploads\/2025\/02\/100_arabica_green_cofee-1108x1536.jpg",1108,1536,true],"2048x2048":["https:\/\/gorillabeans.es\/wp-content\/uploads\/2025\/02\/100_arabica_green_cofee-1477x2048.jpg",1477,2048,true],"trp-custom-language-flag":["https:\/\/gorillabeans.es\/wp-content\/uploads\/2025\/02\/100_arabica_green_cofee-9x12.jpg",9,12,true],"woocommerce_thumbnail":["https:\/\/gorillabeans.es\/wp-content\/uploads\/2025\/02\/100_arabica_green_cofee-scaled-380x285.jpg",380,285,true],"woocommerce_single":["https:\/\/gorillabeans.es\/wp-content\/uploads\/2025\/02\/100_arabica_green_cofee-scaled-600x832.jpg",600,832,true],"woocommerce_gallery_thumbnail":["https:\/\/gorillabeans.es\/wp-content\/uploads\/2025\/02\/100_arabica_green_cofee-scaled-100x100.jpg",100,100,true]},"uagb_author_info":{"display_name":"admin","author_link":"https:\/\/gorillabeans.es\/es\/author\/"},"uagb_comment_info":2,"uagb_excerpt":"Please contact us if interested. Thank you!","jetpack_sharing_enabled":true,"_links":{"self":[{"href":"https:\/\/gorillabeans.es\/es\/wp-json\/wp\/v2\/product\/7684","targetHints":{"allow":["GET"]}}],"collection":[{"href":"https:\/\/gorillabeans.es\/es\/wp-json\/wp\/v2\/product"}],"about":[{"href":"https:\/\/gorillabeans.es\/es\/wp-json\/wp\/v2\/types\/product"}],"replies":[{"embeddable":true,"href":"https:\/\/gorillabeans.es\/es\/wp-json\/wp\/v2\/comments?post=7684"}],"version-history":[{"count":7,"href":"https:\/\/gorillabeans.es\/es\/wp-json\/wp\/v2\/product\/7684\/revisions"}],"predecessor-version":[{"id":9056,"href":"https:\/\/gorillabeans.es\/es\/wp-json\/wp\/v2\/product\/7684\/revisions\/9056"}],"wp:featuredmedia":[{"embeddable":true,"href":"https:\/\/gorillabeans.es\/es\/wp-json\/wp\/v2\/media\/7722"}],"wp:attachment":[{"href":"https:\/\/gorillabeans.es\/es\/wp-json\/wp\/v2\/media?parent=7684"}],"wp:term":[{"taxonomy":"product_brand","embeddable":true,"href":"https:\/\/gorillabeans.es\/es\/wp-json\/wp\/v2\/product_brand?post=7684"},{"taxonomy":"product_cat","embeddable":true,"href":"https:\/\/gorillabeans.es\/es\/wp-json\/wp\/v2\/product_cat?post=7684"},{"taxonomy":"product_tag","embeddable":true,"href":"https:\/\/gorillabeans.es\/es\/wp-json\/wp\/v2\/product_tag?post=7684"}],"curies":[{"name":"wp","href":"https:\/\/api.w.org\/{rel}","templated":true}]}}